{"id":78,"date":"2015-07-13T11:50:37","date_gmt":"2015-07-13T09:50:37","guid":{"rendered":"https:\/\/knappteich.de\/?page_id=78"},"modified":"2024-09-24T19:18:02","modified_gmt":"2024-09-24T17:18:02","slug":"traegerverein","status":"publish","type":"page","link":"https:\/\/knappteich.de\/index.php\/traegerverein\/","title":{"rendered":"Tr\u00e4gerverein"},"content":{"rendered":"\n<p>Der Tr\u00e4gerverein SDB Chemnitz e.V. unterst\u00fctzt das b\u00fcrgerliche Engagement der Knappteichgruppe mit seiner Vereinsstruktur. Die Gruppe konnte \u00fcber das Gr\u00fcnfl\u00e4chenamt dann einen Pachtvertrag ausarbeiten. \u00dcber diesen Vertrag ist die Pflege des Teichgel\u00e4nde geregelt.<br>\nAuch als Vertragspartner zum Kleingartenverein steht der Verein, um den Knappteichgarten zu bewirtschaften.<\/p>\n\n\n\n<p><a href=\"https:\/\/www.sdb-chemnitz.de\" target=\"_blank\" rel=\"noopener\">www.sdb-chemnitz.de<\/a><\/p>\n","protected":false},"excerpt":{"rendered":"<p>Der Tr\u00e4gerverein SDB Chemnitz e.V. unterst\u00fctzt das b\u00fcrgerliche Engagement der Knappteichgruppe mit seiner Vereinsstruktur. Die Gruppe konnte \u00fcber das Gr\u00fcnfl\u00e4chenamt dann einen Pachtvertrag ausarbeiten. \u00dcber diesen Vertrag ist die Pflege des Teichgel\u00e4nde geregelt. Auch als Vertragspartner zum Kleingartenverein steht der &hellip; <a href=\"https:\/\/knappteich.de\/index.php\/traegerverein\/\">Weiterlesen <span class=\"meta-nav\">&rarr;<\/span><\/a><\/p>\n","protected":false},"author":8,"featured_media":121,"parent":0,"menu_order":0,"comment_status":"closed","ping_status":"closed","template":"","meta":{"footnotes":""},"class_list":["post-78","page","type-page","status-publish","has-post-thumbnail","hentry"],"_links":{"self":[{"href":"https:\/\/knappteich.de\/index.php\/wp-json\/wp\/v2\/pages\/78","targetHints":{"allow":["GET"]}}],"collection":[{"href":"https:\/\/knappteich.de\/index.php\/wp-json\/wp\/v2\/pages"}],"about":[{"href":"https:\/\/knappteich.de\/index.php\/wp-json\/wp\/v2\/types\/page"}],"author":[{"embeddable":true,"href":"https:\/\/knappteich.de\/index.php\/wp-json\/wp\/v2\/users\/8"}],"replies":[{"embeddable":true,"href":"https:\/\/knappteich.de\/index.php\/wp-json\/wp\/v2\/comments?post=78"}],"version-history":[{"count":5,"href":"https:\/\/knappteich.de\/index.php\/wp-json\/wp\/v2\/pages\/78\/revisions"}],"predecessor-version":[{"id":5152,"href":"https:\/\/knappteich.de\/index.php\/wp-json\/wp\/v2\/pages\/78\/revisions\/5152"}],"wp:featuredmedia":[{"embeddable":true,"href":"https:\/\/knappteich.de\/index.php\/wp-json\/wp\/v2\/media\/121"}],"wp:attachment":[{"href":"https:\/\/knappteich.de\/index.php\/wp-json\/wp\/v2\/media?parent=78"}],"curies":[{"name":"wp","href":"https:\/\/api.w.org\/{rel}","templated":true}]}}