{"id":45,"date":"2015-07-12T21:09:06","date_gmt":"2015-07-12T19:09:06","guid":{"rendered":"https:\/\/knappteich.de\/?page_id=45"},"modified":"2018-05-22T21:38:47","modified_gmt":"2018-05-22T19:38:47","slug":"aktuell","status":"publish","type":"page","link":"https:\/\/knappteich.de\/index.php\/aktuell\/","title":{"rendered":"Aktuell"},"content":{"rendered":"<p>Die aktuellen Geschehnisse am Knappteich k\u00f6nnt Ihr unter <a href=\"https:\/\/knappteich.de\/index.php\/category\/aktuell\/\">AKTUELLES<\/a> nachvollziehen.<\/p>\n<p>Die zuk\u00fcnftigen Termine am und um den Teich findet Ihr unter <a href=\"https:\/\/knappteich.de\/index.php\/category\/termine\/\">TERMINE<\/a>.<\/p>\n<p>Regelm\u00e4\u00dfig am <strong>letzten Montag im Monat<\/strong> findet das Knappteichtreffen statt.<br \/>\nDort wird im Plenum f\u00fcr die darauffolgendenen Wochen die Planung diskutiert.<\/p>\n","protected":false},"excerpt":{"rendered":"<p>Die aktuellen Geschehnisse am Knappteich k\u00f6nnt Ihr unter AKTUELLES nachvollziehen. Die zuk\u00fcnftigen Termine am und um den Teich findet Ihr unter TERMINE. Regelm\u00e4\u00dfig am letzten Montag im Monat findet das Knappteichtreffen statt. Dort wird im Plenum f\u00fcr die darauffolgendenen Wochen &hellip; <a href=\"https:\/\/knappteich.de\/index.php\/aktuell\/\">Weiterlesen <span class=\"meta-nav\">&rarr;<\/span><\/a><\/p>\n","protected":false},"author":8,"featured_media":0,"parent":0,"menu_order":0,"comment_status":"closed","ping_status":"closed","template":"","meta":{"footnotes":""},"class_list":["post-45","page","type-page","status-publish","hentry"],"_links":{"self":[{"href":"https:\/\/knappteich.de\/index.php\/wp-json\/wp\/v2\/pages\/45","targetHints":{"allow":["GET"]}}],"collection":[{"href":"https:\/\/knappteich.de\/index.php\/wp-json\/wp\/v2\/pages"}],"about":[{"href":"https:\/\/knappteich.de\/index.php\/wp-json\/wp\/v2\/types\/page"}],"author":[{"embeddable":true,"href":"https:\/\/knappteich.de\/index.php\/wp-json\/wp\/v2\/users\/8"}],"replies":[{"embeddable":true,"href":"https:\/\/knappteich.de\/index.php\/wp-json\/wp\/v2\/comments?post=45"}],"version-history":[{"count":8,"href":"https:\/\/knappteich.de\/index.php\/wp-json\/wp\/v2\/pages\/45\/revisions"}],"predecessor-version":[{"id":1872,"href":"https:\/\/knappteich.de\/index.php\/wp-json\/wp\/v2\/pages\/45\/revisions\/1872"}],"wp:attachment":[{"href":"https:\/\/knappteich.de\/index.php\/wp-json\/wp\/v2\/media?parent=45"}],"curies":[{"name":"wp","href":"https:\/\/api.w.org\/{rel}","templated":true}]}}