{"id":43,"date":"2015-07-12T21:08:44","date_gmt":"2015-07-12T19:08:44","guid":{"rendered":"https:\/\/knappteich.de\/?page_id=43"},"modified":"2018-06-11T13:16:19","modified_gmt":"2018-06-11T11:16:19","slug":"impressum","status":"publish","type":"page","link":"https:\/\/knappteich.de\/index.php\/impressum\/","title":{"rendered":"Impressum \/ Datenschutz"},"content":{"rendered":"<div class=\"post-single clearfix\">\n<p>Diese Webseite wird betrieben von<strong><br \/>\nVerein zur F\u00f6rderung der Solidarit\u00e4t, Demokratie und Bildung \u2013 <\/strong><strong>SDB e.V.<\/strong><\/p>\n<p>SDB e.V.<br \/>\nHorststra\u00dfe 20<br \/>\n09119 Chemnitz<\/p>\n<p><span id=\"cloak42323\"><a href=\"mailto:info@sdb-chemnitz.de\">info@sdb-chemnitz.de<\/a><\/span><\/p>\n<p>Gestaltung und Design\u00a0 Oliver Treydel<br \/>\nInhalt abwechsend von verschiedenen Redakteuren<\/p>\n<p><strong>Datenschutz<br \/>\n<\/strong>Die Webseite ist Bestandteil des Vereins SDB e.V.<br \/>\nN\u00e4here Informationen zum Datenschutz finden Sie auf der Vereinswebseite <a href=\"http:\/\/www.sdb-chemnitz.de\">www.sdb-chemnitz.de<\/a><strong><br \/>\n<\/strong><\/p>\n<p><strong>Disclaimer<\/strong><\/p>\n<p><strong>Haftung f\u00fcr Inhalte<\/strong><\/p>\n<p>Als Diensteanbieter sind wir gem\u00e4\u00df \u00a7 7 Abs.1 TMG f\u00fcr eigene Inhalte auf diesen Seiten nach den allgemeinen Gesetzen verantwortlich. Nach \u00a7\u00a7 8 bis 10 TMG sind wir als Diensteanbieter jedoch nicht verpflichtet, \u00fcbermittelte oder gespeicherte fremde Informationen zu \u00fcberwachen oder nach Umst\u00e4nden zu forschen, die auf eine rechtswidrige T\u00e4tigkeit hinweisen. Verpflichtungen zur Entfernung oder Sperrung der Nutzung von Informationen nach den allgemeinen Gesetzen bleiben hiervon unber\u00fchrt. Eine diesbez\u00fcgliche Haftung ist jedoch erst ab dem Zeitpunkt der Kenntnis einer konkreten Rechtsverletzung m\u00f6glich. Bei Bekanntwerden von entsprechenden Rechtsverletzungen werden wir diese Inhalte umgehend entfernen.<\/p>\n<p><strong>Haftung f\u00fcr Links<\/strong><\/p>\n<p>Unser Angebot enth\u00e4lt Links zu externen Webseiten Dritter, auf deren Inhalte wir keinen Einfluss haben. Deshalb k\u00f6nnen wir f\u00fcr diese fremden Inhalte auch keine Gew\u00e4hr \u00fcbernehmen. F\u00fcr die Inhalte der verlinkten Seiten ist stets der jeweilige Anbieter oder Betreiber der Seiten verantwortlich. Die verlinkten Seiten wurden zum Zeitpunkt der Verlinkung auf m\u00f6gliche Rechtsverst\u00f6\u00dfe \u00fcberpr\u00fcft. Rechtswidrige Inhalte waren zum Zeitpunkt der Verlinkung nicht erkennbar. Eine permanente inhaltliche Kontrolle der verlinkten Seiten ist jedoch ohne konkrete Anhaltspunkte einer Rechtsverletzung nicht zumutbar. Bei Bekanntwerden von Rechtsverletzungen werden wir derartige Links umgehend entfernen.<\/p>\n<p><strong>Urheberrecht<\/strong><\/p>\n<p>Die durch die Seitenbetreiber erstellten Inhalte und Werke auf diesen Seiten unterliegen dem deutschen Urheberrecht. Die Vervielf\u00e4ltigung, Bearbeitung, Verbreitung und jede Art der Verwertung au\u00dferhalb der Grenzen des Urheberrechtes bed\u00fcrfen der schriftlichen Zustimmung des jeweiligen Autors bzw. Erstellers. Downloads und Kopien dieser Seite sind nur f\u00fcr den privaten, nicht kommerziellen Gebrauch gestattet. Soweit die Inhalte auf dieser Seite nicht vom Betreiber erstellt wurden, werden die Urheberrechte Dritter beachtet. Insbesondere werden Inhalte Dritter als solche gekennzeichnet. Sollten Sie trotzdem auf eine Urheberrechtsverletzung aufmerksam werden, bitten wir um einen entsprechenden Hinweis. Bei Bekanntwerden von Rechtsverletzungen werden wir derartige Inhalte umgehend entfernen.<\/p>\n<p><strong>Internetbesucher<\/strong><\/p>\n<p>Vom Seitenbetreiber werden keine personenbezogenen Daten \u00fcber den Webseitenbesuch erhoben. Lediglich anonyme statistische Zugriffszahlen stehen zur Verf\u00fcgung. Die Webseite wird mit WordPress als Content Management System betrieben. Es werden daf\u00fcr Cookies ben\u00f6tigt. N\u00e4here Informationen finden Sie hier \u2026<a href=\"https:\/\/de.support.wordpress.com\/cookies\/\" target=\"_blank\" rel=\"noopener\">https:\/\/de.support.wordpress.com\/cookies\/<\/a><br \/>\nDa wir keinen Benutzerbereich haben, keine Analysewerkzeuge sowie Werbung schalten auch keine Dienstleistungen (Online-Verkauf etc.) anbieten, werden von uns auch keine personenbezogenen Daten ausgewertet oder verarbeitet.<\/p>\n<\/div>\n","protected":false},"excerpt":{"rendered":"<p>Diese Webseite wird betrieben von Verein zur F\u00f6rderung der Solidarit\u00e4t, Demokratie und Bildung \u2013 SDB e.V. SDB e.V. Horststra\u00dfe 20 09119 Chemnitz info@sdb-chemnitz.de Gestaltung und Design\u00a0 Oliver Treydel Inhalt abwechsend von verschiedenen Redakteuren Datenschutz Die Webseite ist Bestandteil des Vereins &hellip; <a href=\"https:\/\/knappteich.de\/index.php\/impressum\/\">Weiterlesen <span class=\"meta-nav\">&rarr;<\/span><\/a><\/p>\n","protected":false},"author":8,"featured_media":82,"parent":0,"menu_order":0,"comment_status":"closed","ping_status":"closed","template":"","meta":{"footnotes":""},"class_list":["post-43","page","type-page","status-publish","has-post-thumbnail","hentry"],"_links":{"self":[{"href":"https:\/\/knappteich.de\/index.php\/wp-json\/wp\/v2\/pages\/43","targetHints":{"allow":["GET"]}}],"collection":[{"href":"https:\/\/knappteich.de\/index.php\/wp-json\/wp\/v2\/pages"}],"about":[{"href":"https:\/\/knappteich.de\/index.php\/wp-json\/wp\/v2\/types\/page"}],"author":[{"embeddable":true,"href":"https:\/\/knappteich.de\/index.php\/wp-json\/wp\/v2\/users\/8"}],"replies":[{"embeddable":true,"href":"https:\/\/knappteich.de\/index.php\/wp-json\/wp\/v2\/comments?post=43"}],"version-history":[{"count":7,"href":"https:\/\/knappteich.de\/index.php\/wp-json\/wp\/v2\/pages\/43\/revisions"}],"predecessor-version":[{"id":1906,"href":"https:\/\/knappteich.de\/index.php\/wp-json\/wp\/v2\/pages\/43\/revisions\/1906"}],"wp:featuredmedia":[{"embeddable":true,"href":"https:\/\/knappteich.de\/index.php\/wp-json\/wp\/v2\/media\/82"}],"wp:attachment":[{"href":"https:\/\/knappteich.de\/index.php\/wp-json\/wp\/v2\/media?parent=43"}],"curies":[{"name":"wp","href":"https:\/\/api.w.org\/{rel}","templated":true}]}}