{"id":39,"date":"2015-07-12T21:08:26","date_gmt":"2015-07-12T19:08:26","guid":{"rendered":"https:\/\/knappteich.de\/?page_id=39"},"modified":"2024-09-24T19:22:38","modified_gmt":"2024-09-24T17:22:38","slug":"unterstuetzer","status":"publish","type":"page","link":"https:\/\/knappteich.de\/index.php\/unterstuetzer\/","title":{"rendered":"Unterst\u00fctzer"},"content":{"rendered":"\n<p><strong>Unterst\u00fctzen Sie uns und werden F\u00f6rdermitglied<\/strong><\/p>\n\n\n\n<p>24 Euro im Jahr &#8211; also 2 Euro pro Monat<\/p>\n\n\n\n<p><strong>Wof\u00fcr ?<\/strong><br> * Pflege und Gestaltung des Teichgel\u00e4ndes<br> * M\u00fcll aufsammeln, \u00c4ste ber\u00e4umen, B\u00fcsche verschneiden<br> * Knappteichgarten als Natur- und Erlebnisgarten gestalten<br> * u.v.m.<br> <strong>==> alles in Ehrenamt, aber auch dies verursacht Kosten<\/strong><br> * Versicherungsschutz<br> * Material<br> * Werkzeuge inkl. Wartung und Betriebskosten<\/p>\n\n\n\n<p>Mit 2 Euro pro Monat (gern auch mehr) helfen Sie uns dabei.<br>\nF\u00fcllen Sie bitte das Dokument aus und schicken es uns zu.<\/p>\n\n\n\n<p><a href=\"https:\/\/knappteich.de\/wp-content\/uploads\/2015\/07\/F\u00f6rdermitgliedschaft_Knappteich.pdf\">&gt;&gt;&gt; F\u00f6rdermitgliedschaft_Knappteich &lt;&lt;&lt;<\/a><\/p>\n\n\n\n<p>DANKE<\/p>\n","protected":false},"excerpt":{"rendered":"<p>Unterst\u00fctzen Sie uns und werden F\u00f6rdermitglied 24 Euro im Jahr &#8211; also 2 Euro pro Monat Wof\u00fcr ? * Pflege und Gestaltung des Teichgel\u00e4ndes * M\u00fcll aufsammeln, \u00c4ste ber\u00e4umen, B\u00fcsche verschneiden * Knappteichgarten als Natur- und Erlebnisgarten gestalten * u.v.m. &hellip; <a href=\"https:\/\/knappteich.de\/index.php\/unterstuetzer\/\">Weiterlesen <span class=\"meta-nav\">&rarr;<\/span><\/a><\/p>\n","protected":false},"author":8,"featured_media":0,"parent":0,"menu_order":0,"comment_status":"closed","ping_status":"closed","template":"","meta":{"footnotes":""},"class_list":["post-39","page","type-page","status-publish","hentry"],"_links":{"self":[{"href":"https:\/\/knappteich.de\/index.php\/wp-json\/wp\/v2\/pages\/39","targetHints":{"allow":["GET"]}}],"collection":[{"href":"https:\/\/knappteich.de\/index.php\/wp-json\/wp\/v2\/pages"}],"about":[{"href":"https:\/\/knappteich.de\/index.php\/wp-json\/wp\/v2\/types\/page"}],"author":[{"embeddable":true,"href":"https:\/\/knappteich.de\/index.php\/wp-json\/wp\/v2\/users\/8"}],"replies":[{"embeddable":true,"href":"https:\/\/knappteich.de\/index.php\/wp-json\/wp\/v2\/comments?post=39"}],"version-history":[{"count":7,"href":"https:\/\/knappteich.de\/index.php\/wp-json\/wp\/v2\/pages\/39\/revisions"}],"predecessor-version":[{"id":5154,"href":"https:\/\/knappteich.de\/index.php\/wp-json\/wp\/v2\/pages\/39\/revisions\/5154"}],"wp:attachment":[{"href":"https:\/\/knappteich.de\/index.php\/wp-json\/wp\/v2\/media?parent=39"}],"curies":[{"name":"wp","href":"https:\/\/api.w.org\/{rel}","templated":true}]}}