{"id":37,"date":"2015-07-12T21:08:11","date_gmt":"2015-07-12T19:08:11","guid":{"rendered":"https:\/\/knappteich.de\/?page_id=37"},"modified":"2024-09-24T19:14:57","modified_gmt":"2024-09-24T17:14:57","slug":"projekt-kitasschule","status":"publish","type":"page","link":"https:\/\/knappteich.de\/index.php\/projekt-kitasschule\/","title":{"rendered":"Projekt Kitas\/Schule"},"content":{"rendered":"\n<figure class=\"wp-block-image\"><a href=\"https:\/\/knappteich.de\/wp-content\/uploads\/2015\/07\/P1070489.jpg\"><img loading=\"lazy\" decoding=\"async\" width=\"300\" height=\"225\" src=\"https:\/\/knappteich.de\/wp-content\/uploads\/2015\/07\/P1070489-300x225.jpg\" alt=\"P1070489\" class=\"wp-image-112\" srcset=\"https:\/\/knappteich.de\/wp-content\/uploads\/2015\/07\/P1070489-300x225.jpg 300w, https:\/\/knappteich.de\/wp-content\/uploads\/2015\/07\/P1070489-1024x768.jpg 1024w, https:\/\/knappteich.de\/wp-content\/uploads\/2015\/07\/P1070489.jpg 2048w\" sizes=\"auto, (max-width: 300px) 100vw, 300px\" \/><\/a><\/figure>\n\n\n\n<p>Wir laden hiermit Kitas und Schulklassen ein uns und unseren Projektgarten samt Knappteich zu besuchen. Hier kann man sehr viele wissenswerte Dinge erfahren, Pflanzen untersuchen, Tiere beobachten und auch g\u00e4rtnerisch t\u00e4tig werden.<\/p>\n\n\n\n<p><strong>1. Schulklasse<\/strong><br>\n2015 besuchten uns bereits Sch\u00fcler des Chemnitzer Schulmodells (CSM) w\u00e4hrend ihrer Projektwoche. Die Kinder\/Jugendlichen bauten einen Kompost und halfen beim Umgestalten des Projektgartens mit.<\/p>\n\n\n\n<p><strong>Vortrag<\/strong><br>\nEin Chemnitzer Grundsch\u00fcler hielt im Mai\/2015 einen Vortrag \u00fcber den Knappteich &#8211; Sachkunde Note 1 versteht sich.<\/p>\n","protected":false},"excerpt":{"rendered":"<p>Wir laden hiermit Kitas und Schulklassen ein uns und unseren Projektgarten samt Knappteich zu besuchen. Hier kann man sehr viele wissenswerte Dinge erfahren, Pflanzen untersuchen, Tiere beobachten und auch g\u00e4rtnerisch t\u00e4tig werden. 1. Schulklasse 2015 besuchten uns bereits Sch\u00fcler des &hellip; <a href=\"https:\/\/knappteich.de\/index.php\/projekt-kitasschule\/\">Weiterlesen <span class=\"meta-nav\">&rarr;<\/span><\/a><\/p>\n","protected":false},"author":8,"featured_media":0,"parent":0,"menu_order":0,"comment_status":"closed","ping_status":"closed","template":"","meta":{"footnotes":""},"class_list":["post-37","page","type-page","status-publish","hentry"],"_links":{"self":[{"href":"https:\/\/knappteich.de\/index.php\/wp-json\/wp\/v2\/pages\/37","targetHints":{"allow":["GET"]}}],"collection":[{"href":"https:\/\/knappteich.de\/index.php\/wp-json\/wp\/v2\/pages"}],"about":[{"href":"https:\/\/knappteich.de\/index.php\/wp-json\/wp\/v2\/types\/page"}],"author":[{"embeddable":true,"href":"https:\/\/knappteich.de\/index.php\/wp-json\/wp\/v2\/users\/8"}],"replies":[{"embeddable":true,"href":"https:\/\/knappteich.de\/index.php\/wp-json\/wp\/v2\/comments?post=37"}],"version-history":[{"count":5,"href":"https:\/\/knappteich.de\/index.php\/wp-json\/wp\/v2\/pages\/37\/revisions"}],"predecessor-version":[{"id":5149,"href":"https:\/\/knappteich.de\/index.php\/wp-json\/wp\/v2\/pages\/37\/revisions\/5149"}],"wp:attachment":[{"href":"https:\/\/knappteich.de\/index.php\/wp-json\/wp\/v2\/media?parent=37"}],"curies":[{"name":"wp","href":"https:\/\/api.w.org\/{rel}","templated":true}]}}