{"id":25,"date":"2015-07-12T21:06:35","date_gmt":"2015-07-12T19:06:35","guid":{"rendered":"https:\/\/knappteich.de\/?page_id=25"},"modified":"2024-09-24T19:03:22","modified_gmt":"2024-09-24T17:03:22","slug":"anwohner","status":"publish","type":"page","link":"https:\/\/knappteich.de\/index.php\/anwohner\/","title":{"rendered":"Anwohnerinformationen"},"content":{"rendered":"\n<p>Unseren Pachtteich besuchen t\u00e4glich viele Menschen und nutzen den Teich und die Gr\u00fcnanlage als Naherholungsgebiet. Auch viele Kinder kommen und f\u00fcttern die Enten. Hier m\u00f6chten wir die Erwachsenen bitten das F\u00fcttern einzustellen.<\/p>\n\n\n\n<p>Brot und andere Mahlzeitreste sind f\u00fcr keinen Vogel geeignet. Oft sinken die aufgeweichten Brotreste im Wasser und bilden am Teichgrund eine z\u00e4he Masse. Dies wird von Bakterien im Wasser zersetzt &#8211; dabei wird dem Wasser Sauerstoff entzogen. Die Fische im Teich tragen dann die Folgen.<\/p>\n\n\n\n<p><a href=\"https:\/\/berlin.nabu.de\/tiere-und-pflanzen\/voegel\/wasservoegel\/27460.html\" data-type=\"link\" data-id=\"https:\/\/berlin.nabu.de\/tiere-und-pflanzen\/voegel\/wasservoegel\/27460.html\" target=\"_blank\" rel=\"noreferrer noopener\">NABU Berlin<\/a><\/p>\n\n\n\n<p>Grundregel: Futter sollte nicht ins Wasser geworfen oder gesch\u00fcttet, sondern stets am Ufer, also an Land, angeboten werden. Die Wasserv\u00f6gel kommen ohne zu z\u00f6gern ans Ufer und k\u00f6nnen dann aus n\u00e4chster N\u00e4he bei der Nahrungsaufnahme beobachtet werden.<\/p>\n\n\n\n<p><strong>Auf das F\u00fcttern mit Brot sollte wegen des h\u00e4ufigen Zusatzes von Salz, Konservierungsstoffen und Geschmacksverst\u00e4rkern verzichtet werden.<\/strong> Geeigneter sind<strong> Getreidek\u00f6rner, Haferflocken<\/strong> u. \u00e4. ohne Zusatzstoffe. Auf keinen Fall sollten verschimmelte Backwaren verf\u00fcttert werden. Solche Art von Abfallentsorgung ist keine Tierliebe, sondern kann zur Erkrankung und zum Tod der V\u00f6gel f\u00fchren. Auch sollte nur soviel Futter angeboten werden, wie die Tiere in kurzer Zeit aufnehmen k\u00f6nnen. Liegen gebliebenes Futter kann sich schnell mit Kot und somit Krankheitserregern vermischen, was ebenfalls zum Tod f\u00fchren kann.<\/p>\n\n\n\n<p>Weitere Tips gibt es auch unter diesen Links:<br><a rel=\"noreferrer noopener\" aria-label=\"Freie Presse - 2014 (\u00f6ffnet in neuem Tab)\" href=\"https:\/\/knappteich.de\/index.php\/2014\/11\/21\/freie-presse-entenfuettern-unerwuenscht\/\" target=\"_blank\">Freie Presse &#8211; 2014<\/a> <br><a rel=\"noreferrer noopener\" aria-label=\"Amtsblatt  (\u00f6ffnet in neuem Tab)\" href=\"https:\/\/knappteich.de\/index.php\/2017\/08\/13\/bitte-nicht-fuettern-chemnitzer-amtsblatt\/\" target=\"_blank\">Amtsblatt &#8211; 2017<\/a><br><a href=\"https:\/\/knappteich.de\/index.php\/2020\/01\/09\/haende-weg-vom-brot\/\" target=\"_blank\" rel=\"noreferrer noopener\" aria-label=\"MOPO - 2020 (\u00f6ffnet in neuem Tab)\">MOPO &#8211; 2020<\/a><\/p>\n","protected":false},"excerpt":{"rendered":"<p>Unseren Pachtteich besuchen t\u00e4glich viele Menschen und nutzen den Teich und die Gr\u00fcnanlage als Naherholungsgebiet. Auch viele Kinder kommen und f\u00fcttern die Enten. Hier m\u00f6chten wir die Erwachsenen bitten das F\u00fcttern einzustellen. Brot und andere Mahlzeitreste sind f\u00fcr keinen Vogel &hellip; <a href=\"https:\/\/knappteich.de\/index.php\/anwohner\/\">Weiterlesen <span class=\"meta-nav\">&rarr;<\/span><\/a><\/p>\n","protected":false},"author":8,"featured_media":86,"parent":0,"menu_order":0,"comment_status":"closed","ping_status":"closed","template":"","meta":{"footnotes":""},"class_list":["post-25","page","type-page","status-publish","has-post-thumbnail","hentry"],"_links":{"self":[{"href":"https:\/\/knappteich.de\/index.php\/wp-json\/wp\/v2\/pages\/25","targetHints":{"allow":["GET"]}}],"collection":[{"href":"https:\/\/knappteich.de\/index.php\/wp-json\/wp\/v2\/pages"}],"about":[{"href":"https:\/\/knappteich.de\/index.php\/wp-json\/wp\/v2\/types\/page"}],"author":[{"embeddable":true,"href":"https:\/\/knappteich.de\/index.php\/wp-json\/wp\/v2\/users\/8"}],"replies":[{"embeddable":true,"href":"https:\/\/knappteich.de\/index.php\/wp-json\/wp\/v2\/comments?post=25"}],"version-history":[{"count":8,"href":"https:\/\/knappteich.de\/index.php\/wp-json\/wp\/v2\/pages\/25\/revisions"}],"predecessor-version":[{"id":5146,"href":"https:\/\/knappteich.de\/index.php\/wp-json\/wp\/v2\/pages\/25\/revisions\/5146"}],"wp:featuredmedia":[{"embeddable":true,"href":"https:\/\/knappteich.de\/index.php\/wp-json\/wp\/v2\/media\/86"}],"wp:attachment":[{"href":"https:\/\/knappteich.de\/index.php\/wp-json\/wp\/v2\/media?parent=25"}],"curies":[{"name":"wp","href":"https:\/\/api.w.org\/{rel}","templated":true}]}}