{"id":17,"date":"2015-07-12T21:03:27","date_gmt":"2015-07-12T19:03:27","guid":{"rendered":"https:\/\/knappteich.de\/?page_id=17"},"modified":"2024-09-24T19:13:15","modified_gmt":"2024-09-24T17:13:15","slug":"das-projekt","status":"publish","type":"page","link":"https:\/\/knappteich.de\/index.php\/das-projekt\/","title":{"rendered":"Das Projekt"},"content":{"rendered":"\n<p>Wir, der SDB Chemnitz e.V. und Greenpeace Chemnitz, haben seit dem 1. April 2014 eine gemeinsame Pflegepatenschaft \u00fcber das <a href=\"https:\/\/www.openstreetmap.org\/#map=18\/50.83441\/12.96049\" target=\"_blank\" rel=\"noopener noreferrer\">Knappteich-Gel\u00e4nde im Yorckgebiet Chemnitz<\/a> \u00fcbernommen.<\/p>\n\n\n\n<figure class=\"wp-block-image\"><a href=\"https:\/\/knappteich.de\/wp-content\/uploads\/2015\/07\/Logo.jpg\"><img loading=\"lazy\" decoding=\"async\" width=\"1024\" height=\"425\" src=\"https:\/\/knappteich.de\/wp-content\/uploads\/2015\/07\/Logo-1024x425.jpg\" alt=\"\" class=\"wp-image-10\" srcset=\"https:\/\/knappteich.de\/wp-content\/uploads\/2015\/07\/Logo-1024x425.jpg 1024w, https:\/\/knappteich.de\/wp-content\/uploads\/2015\/07\/Logo-300x125.jpg 300w, https:\/\/knappteich.de\/wp-content\/uploads\/2015\/07\/Logo.jpg 2000w\" sizes=\"auto, (max-width: 1024px) 100vw, 1024px\" \/><\/a><\/figure>\n\n\n\n<p>Ziel ist es mit den Quartiersbewohnern, interessierten B\u00fcrgern und den KITAS und Schulen im Umfeld am Knappteich u.a. einen \u00f6ffentlichen Gemeinschaftsgarten zu verwirklichen, der auf den Prinzipien der Permakultur fu\u00dft. Das hei\u00dft, R\u00fcckkehr zu traditionellen Anbaumethoden und die Schaffung von dauerhaft funktionierenden naturnahen Kreisl\u00e4ufen. Pestiziden- und Gentechnik-Einsatz sind Tabu.<br>\nSo soll der Gemeinschaftsgarten als ein Begegnungsort f\u00fcr Menschen, Tiere und Pflanzen verstanden werden, der jedem die M\u00f6glichkeit bietet, sich selber aktiv an der Umsetzung und Instandhaltung des Projekts zu beteiligen. Dar\u00fcber hinaus verfolgen wir l\u00e4ngerfristig das Ziel, mittels Informationstafeln vor Ort und angebotenen Workshops \u201eNatur- und Gesundheitswissen\u201c Sch\u00fclern, Kindern und Interessierten zu vermitteln. Auf diese Weise wollen wir eine Sensibilisierung zur Natur erreichen und ein Bewusstsein f\u00fcr die Umwelt schaffen.<\/p>\n\n\n\n<p><a href=\"https:\/\/knappteich.de\/index.php\/pressetext\/\">Hier <\/a>finden Sie einen Pressetext f\u00fcr die Beschreibung und Ziele des Projektes &#8222;Unser Knappteich&#8220;.<\/p>\n","protected":false},"excerpt":{"rendered":"<p>Wir, der SDB Chemnitz e.V. und Greenpeace Chemnitz, haben seit dem 1. April 2014 eine gemeinsame Pflegepatenschaft \u00fcber das Knappteich-Gel\u00e4nde im Yorckgebiet Chemnitz \u00fcbernommen. Ziel ist es mit den Quartiersbewohnern, interessierten B\u00fcrgern und den KITAS und Schulen im Umfeld am &hellip; <a href=\"https:\/\/knappteich.de\/index.php\/das-projekt\/\">Weiterlesen <span class=\"meta-nav\">&rarr;<\/span><\/a><\/p>\n","protected":false},"author":8,"featured_media":554,"parent":0,"menu_order":0,"comment_status":"closed","ping_status":"closed","template":"","meta":{"footnotes":""},"class_list":["post-17","page","type-page","status-publish","has-post-thumbnail","hentry"],"_links":{"self":[{"href":"https:\/\/knappteich.de\/index.php\/wp-json\/wp\/v2\/pages\/17","targetHints":{"allow":["GET"]}}],"collection":[{"href":"https:\/\/knappteich.de\/index.php\/wp-json\/wp\/v2\/pages"}],"about":[{"href":"https:\/\/knappteich.de\/index.php\/wp-json\/wp\/v2\/types\/page"}],"author":[{"embeddable":true,"href":"https:\/\/knappteich.de\/index.php\/wp-json\/wp\/v2\/users\/8"}],"replies":[{"embeddable":true,"href":"https:\/\/knappteich.de\/index.php\/wp-json\/wp\/v2\/comments?post=17"}],"version-history":[{"count":12,"href":"https:\/\/knappteich.de\/index.php\/wp-json\/wp\/v2\/pages\/17\/revisions"}],"predecessor-version":[{"id":5147,"href":"https:\/\/knappteich.de\/index.php\/wp-json\/wp\/v2\/pages\/17\/revisions\/5147"}],"wp:featuredmedia":[{"embeddable":true,"href":"https:\/\/knappteich.de\/index.php\/wp-json\/wp\/v2\/media\/554"}],"wp:attachment":[{"href":"https:\/\/knappteich.de\/index.php\/wp-json\/wp\/v2\/media?parent=17"}],"curies":[{"name":"wp","href":"https:\/\/api.w.org\/{rel}","templated":true}]}}