{"id":1269,"date":"2017-07-23T20:56:13","date_gmt":"2017-07-23T18:56:13","guid":{"rendered":"https:\/\/knappteich.de\/?page_id=1269"},"modified":"2022-02-20T17:22:52","modified_gmt":"2022-02-20T16:22:52","slug":"kontakt","status":"publish","type":"page","link":"https:\/\/knappteich.de\/index.php\/kontakt\/","title":{"rendered":"Kontakt"},"content":{"rendered":"<div class=\"textwidget\">\n<p><strong>Den Knappteich finden Sie inmitten des <a href=\"https:\/\/www.openstreetmap.org\/#map=18\/50.83441\/12.96049\" target=\"_blank\" rel=\"noopener noreferrer\">Chemnitzer Yorckgebietes<\/a>.<\/strong><\/p>\n<p>Erreichen k\u00f6nnen Sie ihn am besten \u00fcber die F\u00fcrstenstrasse.<br \/>\nMit dem Bus &#8211; Linie 31 &#8211; k\u00f6nnen Sie aus der Innenstadt in Richtung Yorckgebiet fahren. Von der Haltestelle Scharnhorststrasse sind es nur wenige Meter zum direkten Zugang\u00a0 zwischen der Montessori-Schule und der Kleingartensparte &#8222;Zur Vogelweid&#8220;.<\/p>\n<p><strong>Das Projekt &#8222;Unser Knappteich&#8220; wird vom <a href=\"https:\/\/sdb-chemnitz.de\/web\/\" target=\"_blank\" rel=\"noopener noreferrer\">SDB e.V.<\/a> getragen.<\/strong><\/p>\n<p>F\u00fcr direkte Ausk\u00fcnfte zum Projekt &#8222;Unser Knappteich&#8220; k\u00f6nnen Sie neben der <strong>generellen Ansprechmail: info@knappteich.de<\/strong> &#8211; auch unsere Projektbetreuer kontaktieren.<\/p>\n<p>Projektbetreuer :<br \/>\nThomas Lieber \/ Oliver Treydel<br \/>\nEMail: info@knappteich.de<br \/>\nMobil: 0179 2171092<\/p>\n<p><strong><a href=\"https:\/\/knappteich.de\/index.php\/pressetext\/\">Hier<\/a> finden Sie den Pressetext zum Projekt &#8222;Unser Knappteich&#8220;.<\/strong><\/p>\n<\/div>\n","protected":false},"excerpt":{"rendered":"<p>Den Knappteich finden Sie inmitten des Chemnitzer Yorckgebietes. Erreichen k\u00f6nnen Sie ihn am besten \u00fcber die F\u00fcrstenstrasse. Mit dem Bus &#8211; Linie 31 &#8211; k\u00f6nnen Sie aus der Innenstadt in Richtung Yorckgebiet fahren. Von der Haltestelle Scharnhorststrasse sind es nur &hellip; <a href=\"https:\/\/knappteich.de\/index.php\/kontakt\/\">Weiterlesen <span class=\"meta-nav\">&rarr;<\/span><\/a><\/p>\n","protected":false},"author":8,"featured_media":0,"parent":0,"menu_order":0,"comment_status":"closed","ping_status":"closed","template":"","meta":{"footnotes":""},"class_list":["post-1269","page","type-page","status-publish","hentry"],"_links":{"self":[{"href":"https:\/\/knappteich.de\/index.php\/wp-json\/wp\/v2\/pages\/1269","targetHints":{"allow":["GET"]}}],"collection":[{"href":"https:\/\/knappteich.de\/index.php\/wp-json\/wp\/v2\/pages"}],"about":[{"href":"https:\/\/knappteich.de\/index.php\/wp-json\/wp\/v2\/types\/page"}],"author":[{"embeddable":true,"href":"https:\/\/knappteich.de\/index.php\/wp-json\/wp\/v2\/users\/8"}],"replies":[{"embeddable":true,"href":"https:\/\/knappteich.de\/index.php\/wp-json\/wp\/v2\/comments?post=1269"}],"version-history":[{"count":11,"href":"https:\/\/knappteich.de\/index.php\/wp-json\/wp\/v2\/pages\/1269\/revisions"}],"predecessor-version":[{"id":3924,"href":"https:\/\/knappteich.de\/index.php\/wp-json\/wp\/v2\/pages\/1269\/revisions\/3924"}],"wp:attachment":[{"href":"https:\/\/knappteich.de\/index.php\/wp-json\/wp\/v2\/media?parent=1269"}],"curies":[{"name":"wp","href":"https:\/\/api.w.org\/{rel}","templated":true}]}}