{"id":1251,"date":"2017-07-23T21:43:21","date_gmt":"2017-07-23T19:43:21","guid":{"rendered":"https:\/\/knappteich.de\/?page_id=1251"},"modified":"2019-01-20T14:02:30","modified_gmt":"2019-01-20T13:02:30","slug":"pressetext","status":"publish","type":"page","link":"https:\/\/knappteich.de\/index.php\/pressetext\/","title":{"rendered":"Pressetext"},"content":{"rendered":"<p>\u201eUnser Knappteich\u201c das B\u00fcrgerprojekt im Chemnitzer Stadtteil \u201eYorckgebiet\u201c wurde 2014 von einer Gruppe engagierter Chemnitzer B\u00fcrger ins Leben gerufen. Der Erhalt und die \u00f6kologische und nachhaltige Pflege dieses wundersch\u00f6nen Biotops mitten in einem modernen Wohngebiet, ist das Ziel der Chemnitzer B\u00fcrger.<\/p>\n<p>Von Beginn an hat diese Idee viel Unterst\u00fctzung erfahren. Der SDB e.V. \u00fcbernahm die Tr\u00e4gerschaft und gab dem Projektteam nicht nur eine administrative Heimat. Das \u00f6kologisch Know-How und ein Teil der aktiven Mitmacher stammen von Greenpeace Chemnitz. Der Gedanke das Teichgel\u00e4nde insbesondere f\u00fcr Familien und Kinder zu einem spannenden Platz zu machen, wurde von den Mitmachern des \u201eKinderrechteb\u00fcros Sachsen\u201c in die Gruppe der Aktiven getragen. Die Sicherstellung der materiellen Basis und die vorbehaltlose Unterst\u00fctzung des Projektes, kam mit dem Start des Projektes, von der CAWG. Dieser Kombination und der kontinuierlichen und konstruktiven Zusammenarbeit von Aktiven und Unterst\u00fctzern verdankt das Projekt \u201eUnser Knappteich\u201c seinen Erfolg.<\/p>\n<p>Heute gibt es nicht nur, dass f\u00fcr jedermann nutzbare und gepflegte Teichgel\u00e4nde. Dar\u00fcber hinaus gibt es einen offenen B\u00fcrgergarten am Knappteich. Dieser wird weitgehend nach den Prinzipien eines Permakulturgartens gepflegt. Rings um den Teich sind und werden &#8211; unter dem Titel \u201eEssbare Stadt\u201c &#8211; Obst- und Beerengeh\u00f6lze gesetzt, die f\u00fcr jedermann zug\u00e4nglich und essbar sind. Unter diesem Aspekt wurden auch einige G\u00e4rten des benachbarten Kleingartenvereins &#8222;Zur Vogelweide&#8220; zu frei zug\u00e4nglichen Obstg\u00e4rten umgewandelt.<\/p>\n<p>Unsere schonende Pflege verzichtet ganz bewusst auf den Einsatz von Pestiziden und Giften. Wir m\u00f6chte mitten in der Stadt der Natur und den Menschen wieder etwas Raum geben, sich zu begegnen.<\/p>\n<p>\u00dcber das gesamte Jahr gibt es Aktivit\u00e4ten und Veranstaltungen, zu denen jeder, der mag und Ambitionen hat, gern eingeladen und gesehen ist. Mitmacher, Unterst\u00fctzer und Wissbegierige sind jederzeit willkommen. Unterst\u00fctzer des Projektes k\u00f6nnen das Projekt durch Ihre pers\u00f6nliche Mitarbeit, materielle und finanzielle Spenden oder durch eine Pflanzenpatenschaft unterst\u00fctzen.<\/p>\n<p>Das Projekt \u201eUnser Knappteich\u201c w\u00e4chst und es werden fortw\u00e4hrend neue Ideen geboren. Diese werden je nach M\u00f6glichkeit am Knappteich im Chemnitzer Yorckgebiet umgesetzt.<\/p>\n<p>Wir freuen uns Dir zu begegnen \u2013 im Chemnitzer Yorckgebiet am Knappteich.<\/p>\n","protected":false},"excerpt":{"rendered":"<p>\u201eUnser Knappteich\u201c das B\u00fcrgerprojekt im Chemnitzer Stadtteil \u201eYorckgebiet\u201c wurde 2014 von einer Gruppe engagierter Chemnitzer B\u00fcrger ins Leben gerufen. Der Erhalt und die \u00f6kologische und nachhaltige Pflege dieses wundersch\u00f6nen Biotops mitten in einem modernen Wohngebiet, ist das Ziel der Chemnitzer &hellip; <a href=\"https:\/\/knappteich.de\/index.php\/pressetext\/\">Weiterlesen <span class=\"meta-nav\">&rarr;<\/span><\/a><\/p>\n","protected":false},"author":8,"featured_media":0,"parent":0,"menu_order":0,"comment_status":"closed","ping_status":"closed","template":"","meta":{"footnotes":""},"class_list":["post-1251","page","type-page","status-publish","hentry"],"_links":{"self":[{"href":"https:\/\/knappteich.de\/index.php\/wp-json\/wp\/v2\/pages\/1251","targetHints":{"allow":["GET"]}}],"collection":[{"href":"https:\/\/knappteich.de\/index.php\/wp-json\/wp\/v2\/pages"}],"about":[{"href":"https:\/\/knappteich.de\/index.php\/wp-json\/wp\/v2\/types\/page"}],"author":[{"embeddable":true,"href":"https:\/\/knappteich.de\/index.php\/wp-json\/wp\/v2\/users\/8"}],"replies":[{"embeddable":true,"href":"https:\/\/knappteich.de\/index.php\/wp-json\/wp\/v2\/comments?post=1251"}],"version-history":[{"count":2,"href":"https:\/\/knappteich.de\/index.php\/wp-json\/wp\/v2\/pages\/1251\/revisions"}],"predecessor-version":[{"id":2314,"href":"https:\/\/knappteich.de\/index.php\/wp-json\/wp\/v2\/pages\/1251\/revisions\/2314"}],"wp:attachment":[{"href":"https:\/\/knappteich.de\/index.php\/wp-json\/wp\/v2\/media?parent=1251"}],"curies":[{"name":"wp","href":"https:\/\/api.w.org\/{rel}","templated":true}]}}